{"id":341,"date":"2018-02-13T20:16:52","date_gmt":"2018-02-13T20:16:52","guid":{"rendered":"http:\/\/fff-bochum.de\/?page_id=341"},"modified":"2026-01-08T20:39:00","modified_gmt":"2026-01-08T20:39:00","slug":"bildergalerien-der-clubmitglieder","status":"publish","type":"page","link":"https:\/\/fff-bochum.de\/?page_id=341","title":{"rendered":"Bildergalerien der Clubmitglieder"},"content":{"rendered":"<h2>Dirscherl Albert<\/h2>\n<p>&nbsp;<\/p>\n<ul>\n<li><a href=\"https:\/\/fff-bochum.de\/?page_id=759\">Vermischtes<\/a><\/li>\n<li><a href=\"https:\/\/fff-bochum.de\/wp-content\/gallery\/dirscherl-vermischtes\/Fotos\/index.html\" rel=\"noopener\">Vermischtes 2<\/a><\/li>\n<li><a href=\"https:\/\/fff-bochum.de\/?page_id=761\">Ecuador<\/a><\/li>\n<\/ul>\n<h2>&nbsp;<\/h2>\n<h2>Jamma Dirk<\/h2>\n<p>&nbsp;<\/p>\n<ul>\n<li><a href=\"http:\/\/fff-bochum.de\/?page_id=785\">Vermischtes<\/a><\/li>\n<\/ul>\n<p>&nbsp;<\/p>\n<h2>Leidreiter Andreas<\/h2>\n<p>&nbsp;<\/p>\n<ul>\n<li><a href=\"http:\/\/fff-bochum.de\/?page_id=937\">Vermischtes<\/a><\/li>\n<\/ul>\n<h2>&nbsp;<\/h2>\n<h2>Loke Wolfgang (EFIAP \/ Platin)<\/h2>\n<p>&nbsp;<\/p>\n<ul>\n<li><a href=\"http:\/\/fff-bochum.de\/?page_id=989\">Vermischtes<\/a><\/li>\n<li><a href=\"http:\/\/www.instagram.com\/wolo_pictures\" target=\"_blank\" rel=\"noopener noreferrer\">Instagram-Profil von Wolfgang Loke<\/a><\/li>\n<\/ul>\n<h2>&nbsp;<\/h2>\n<h2>Pforr Horst-Erich<\/h2>\n<p>&nbsp;<\/p>\n<ul>\n<li><a href=\"http:\/\/fff-bochum.de\/?page_id=1278\">Vermischtes<\/a><\/li>\n<li><a href=\"https:\/\/fff-bochum.de\/?page_id=1913\">Vermischtes 2<\/a><\/li>\n<li><a href=\"http:\/\/fff-bochum.de\/?page_id=1435\">Route der Industriekultur<\/a><\/li>\n<li><a href=\"http:\/\/fff-bochum.de\/?page_id=1492\">Rehberger Br\u00fccke<\/a><\/li>\n<\/ul>\n<h2>&nbsp;<\/h2>\n<h2>Schax Michael<\/h2>\n<p>&nbsp;<\/p>\n<ul>\n<li><a href=\"https:\/\/fff-bochum.de\/?page_id=1971\">Vermischtes<\/a><\/li>\n<\/ul>\n<h2>&nbsp;<\/h2>\n<h2>&nbsp;Sch\u00fctter Stefan<\/h2>\n<p>&nbsp;<\/p>\n<ul>\n<li><a href=\"http:\/\/fff-bochum.de\/?page_id=1517\">Vermischtes<\/a><\/li>\n<li><a href=\"http:\/\/www.instagram.com\/travelmate73\" target=\"_blank\" rel=\"noopener noreferrer\">Instagram-Profil von Stefan Sch\u00fctter<\/a><\/li>\n<\/ul>\n<p>&nbsp;<\/p>\n<p>&nbsp;<\/p>\n<p>&nbsp;<\/p>\n","protected":false},"excerpt":{"rendered":"<p>Dirscherl Albert &nbsp; Vermischtes Vermischtes 2 Ecuador &nbsp; Jamma Dirk &nbsp; Vermischtes &nbsp; Leidreiter Andreas &nbsp; Vermischtes &nbsp; Loke Wolfgang (EFIAP \/ Platin) &nbsp; Vermischtes Instagram-Profil von Wolfgang Loke &nbsp; Pforr Horst-Erich &nbsp; Vermischtes Vermischtes 2 Route der Industriekultur Rehberger Br\u00fccke &nbsp; Schax Michael &nbsp; Vermischtes &nbsp; &nbsp;Sch\u00fctter Stefan &nbsp; Vermischtes Instagram-Profil von Stefan Sch\u00fctter&#8230;<\/p>\n","protected":false},"author":1,"featured_media":0,"parent":0,"menu_order":0,"comment_status":"closed","ping_status":"closed","template":"","meta":{"ngg_post_thumbnail":0},"_links":{"self":[{"href":"https:\/\/fff-bochum.de\/index.php?rest_route=\/wp\/v2\/pages\/341"}],"collection":[{"href":"https:\/\/fff-bochum.de\/index.php?rest_route=\/wp\/v2\/pages"}],"about":[{"href":"https:\/\/fff-bochum.de\/index.php?rest_route=\/wp\/v2\/types\/page"}],"author":[{"embeddable":true,"href":"https:\/\/fff-bochum.de\/index.php?rest_route=\/wp\/v2\/users\/1"}],"replies":[{"embeddable":true,"href":"https:\/\/fff-bochum.de\/index.php?rest_route=%2Fwp%2Fv2%2Fcomments&post=341"}],"version-history":[{"count":55,"href":"https:\/\/fff-bochum.de\/index.php?rest_route=\/wp\/v2\/pages\/341\/revisions"}],"predecessor-version":[{"id":2209,"href":"https:\/\/fff-bochum.de\/index.php?rest_route=\/wp\/v2\/pages\/341\/revisions\/2209"}],"wp:attachment":[{"href":"https:\/\/fff-bochum.de\/index.php?rest_route=%2Fwp%2Fv2%2Fmedia&parent=341"}],"curies":[{"name":"wp","href":"https:\/\/api.w.org\/{rel}","templated":true}]}}