{"id":185,"date":"2018-02-11T20:26:15","date_gmt":"2018-02-11T20:26:15","guid":{"rendered":"http:\/\/fff-bochum.de\/?page_id=185"},"modified":"2022-09-06T21:18:38","modified_gmt":"2022-09-06T21:18:38","slug":"links","status":"publish","type":"page","link":"https:\/\/fff-bochum.de\/?page_id=185","title":{"rendered":"Links"},"content":{"rendered":"<p>Wir haben auf dieser Seite informative Links f\u00fcr alle Interessierten zusammengestellt. So k\u00f6nnen Sie ganz entspannt surfen und sich zum Thema Ihrer Wahl noch umfassender informieren. Diese Links aktualisieren wir st\u00e4ndig, sodass Sie hier immer wieder den einen oder anderen zus\u00e4tzlichen Verweis finden.<\/p>\n<p>Schauen Sie also einfach \u00f6fter mal vorbei &#8211; es lohnt sich!<\/p>\n<p>________________________________________<\/p>\n<p>&nbsp;<\/p>\n<h2>Internetseiten von Club-Mitgliedern:<\/h2>\n<p>&nbsp;<\/p>\n<p><strong>Friedhelm Symallas Homepage<\/strong>, <a class=\"moz-txt-link-freetext\" href=\"http:\/\/www.fsb-foto.de\/Neue-Bilder\">http:\/\/www.fsb-foto.de\/Neue-Bilder<\/a><\/p>\n<p>&nbsp;<\/p>\n<p><strong>Thorolf Linkes Homepage<\/strong>, <a href=\"http:\/\/www.thlinke.de\/\">http:\/\/www.thlinke.de\/<\/a><\/p>\n<p>&nbsp;<\/p>\n<p><strong>Wolfgang Loke (EKDVF; EFIAP\/platin)<\/strong>,&nbsp;<a href=\"https:\/\/www.dvf-westfalen.de\/Seiten\/Galerie_Wolfgang_Loke.html\"> https:\/\/www.dvf-westfalen.de\/Seiten\/Galerie_Wolfgang_Loke.html<\/a><\/p>\n<p>&nbsp;<\/p>\n<h2>Andere interessante Webseiten:<\/h2>\n<p>&nbsp;<\/p>\n<p><strong>Deutscher Verein f\u00fcr Fotografie e.V. (DVF)<\/strong>, <a href=\"http:\/\/www.dvf-fotografie.de\/\">http:\/\/www.dvf-fotografie.de\/<\/a><\/p>\n<p>&nbsp;<\/p>\n<p><strong>Landesverband Westfalen des DVF<\/strong>, <a href=\"http:\/\/www.dvf-westfalen.de\/\">http:\/\/www.dvf-westfalen.de\/<\/a><\/p>\n<p>&nbsp;<\/p>\n<p><strong>NABU Herne Termine<\/strong>, <a href=\"https:\/\/www.nabu-herne.de\/termine\">https:\/\/www.nabu-herne.de\/termine<\/a><\/p>\n<p>&nbsp;<\/p>\n<p><strong>AV-Gruppe Ruhr<\/strong>, <a href=\"https:\/\/www.avgrupperuhr.com\/\" target=\"_blank\" rel=\"noopener noreferrer\">AV-Gruppe Ruhr<\/a><\/p>\n<p>________________________________________<\/p>\n<p>&nbsp;<\/p>\n<p>Wir haben auf unserer Homepage Links zu anderen Seiten gesetzt. F\u00fcr all diese Links gilt: &#8222;Wir m\u00f6chten ausdr\u00fccklich betonen, dass wir keinerlei Einfluss auf die Gestaltung und die Inhalte der hier verlinkten Seiten haben. Deshalb distanzieren wir uns hiermit ausdr\u00fccklich von allen Inhalten aller verlinkten Seiten, auf die von unserer Homepage aus verwiesen wird. Diese Erkl\u00e4rung gilt f\u00fcr alle auf unserer Homepage ausgebrachten Links und f\u00fcr alle Inhalte der Seiten, zu denen Links oder Banner f\u00fchren.&#8220;<\/p>\n","protected":false},"excerpt":{"rendered":"<p>Wir haben auf dieser Seite informative Links f\u00fcr alle Interessierten zusammengestellt. So k\u00f6nnen Sie ganz entspannt surfen und sich zum Thema Ihrer Wahl noch umfassender informieren. Diese Links aktualisieren wir st\u00e4ndig, sodass Sie hier immer wieder den einen oder anderen zus\u00e4tzlichen Verweis finden. Schauen Sie also einfach \u00f6fter mal vorbei &#8211; es lohnt sich! ________________________________________&#8230;<\/p>\n","protected":false},"author":1,"featured_media":0,"parent":0,"menu_order":0,"comment_status":"closed","ping_status":"closed","template":"","meta":{"ngg_post_thumbnail":0},"_links":{"self":[{"href":"https:\/\/fff-bochum.de\/index.php?rest_route=\/wp\/v2\/pages\/185"}],"collection":[{"href":"https:\/\/fff-bochum.de\/index.php?rest_route=\/wp\/v2\/pages"}],"about":[{"href":"https:\/\/fff-bochum.de\/index.php?rest_route=\/wp\/v2\/types\/page"}],"author":[{"embeddable":true,"href":"https:\/\/fff-bochum.de\/index.php?rest_route=\/wp\/v2\/users\/1"}],"replies":[{"embeddable":true,"href":"https:\/\/fff-bochum.de\/index.php?rest_route=%2Fwp%2Fv2%2Fcomments&post=185"}],"version-history":[{"count":17,"href":"https:\/\/fff-bochum.de\/index.php?rest_route=\/wp\/v2\/pages\/185\/revisions"}],"predecessor-version":[{"id":1787,"href":"https:\/\/fff-bochum.de\/index.php?rest_route=\/wp\/v2\/pages\/185\/revisions\/1787"}],"wp:attachment":[{"href":"https:\/\/fff-bochum.de\/index.php?rest_route=%2Fwp%2Fv2%2Fmedia&parent=185"}],"curies":[{"name":"wp","href":"https:\/\/api.w.org\/{rel}","templated":true}]}}