{"id":176,"date":"2018-02-11T20:20:22","date_gmt":"2018-02-11T20:20:22","guid":{"rendered":"http:\/\/fff-bochum.de\/?page_id=176"},"modified":"2018-02-13T20:10:04","modified_gmt":"2018-02-13T20:10:04","slug":"wir-ueber-uns","status":"publish","type":"page","link":"https:\/\/fff-bochum.de\/?page_id=176","title":{"rendered":"Wir \u00fcber uns"},"content":{"rendered":"<h2>&nbsp;<\/h2>\n<h2><strong>Wer sind wir?<\/strong><\/h2>\n<p>&nbsp;<\/p>\n<p>Der Klub wurde 1976 mit dem Namen<br \/>\nFoto+Film-Freunde Bochum-Langendreer\/Werne von 1976<br \/>\nbeim Amtsgericht Bochum zur Eintragung in das Vereinsregister angemeldet.<br \/>\nDer Klub ist inzwischen weit \u00fcber die Grenzen Bochums bekannt.<br \/>\nAb dem Mai 2011 f\u00fchren wir einen neuen Klubnamen:<\/p>\n<p><strong>Forum f\u00fcr Fotografie Bochum e.V.<\/strong><\/p>\n<p>Der Vereinszweck ist laut Satzung \u00a73 &#8222;die Pflege und die allgemeine F\u00f6rderung der Amateurfotografie in k\u00fcnstlerischer und technischer Hinsicht.&#8220;<\/p>\n<h2>&nbsp;<\/h2>\n<p>&nbsp;<\/p>\n<h2><strong>Wann und wo trifft man sich<\/strong>?<\/h2>\n<p>&nbsp;<\/p>\n<p>Wir treffen uns mittwochs um 19.00 &nbsp;&#8211; 21.30 Uhr in 14-t\u00e4glichem Rhythmus, oder anders gesagt jeden zweiten Mittwoch. Ausgenommen sind dabei jedoch die Schulferien.<\/p>\n<p>Unser Klubraum befindet sich im<\/p>\n<p>Gemeindehaus Michaelkirche, Jugendetage<\/p>\n<p>Birkhuhnweg 2<br \/>\n44892 Bochum-Langendreer,<br \/>\nTreffpunkt ist der Parkplatz Am Neggenborn. Er befindet sich schr\u00e4g gegen\u00fcber der Sparkasse.<\/p>\n<p>&nbsp;<\/p>\n<p>&nbsp;<\/p>\n<h2><strong>Was l\u00e4uft an den Klubabenden?<\/strong><\/h2>\n<p>&nbsp;<\/p>\n<p>Das Grundthema ist nat\u00fcrlich die Fotografie in ihren vielf\u00e4ltigen Formen.<\/p>\n<p>Die Interessen gehen von der klassischen Schwarzwei\u00df-&nbsp;und Farbfotografie bis zur digitalen Audiovisionsschau, kurz AV-Schau.<\/p>\n<p>Hier gewinnt der Erfahrungsaustausch zunehmend an Bedeutung. Daher bieten wir Interessierten die Gelegenheit zum Wissensaustausch und zur gegenseitigen Hilfestellung bei Problemf\u00e4llen aller Art.<\/p>\n<p>Vortr\u00e4ge und\/oder Workshops zu Themen wie Bildbesprechung, Blitzbelichtung, Makrofotografie, Bildbearbeitung mit der entsprechenden Software usw. werden nach Abstimmung der Mitglieder vorbereitet und durchgef\u00fchrt.<\/p>\n<p>Ebenso k\u00f6nnen zur Erstellung von digitalen AV-Schauen Informationen und Kenntnisse erworben werden.<\/p>\n<p>Regelm\u00e4\u00dfig werden auch Fotowettbewerbe ausgetragen.<br \/>\nDiese sind sowohl nach Jahresplan themenfrei, als auch themengebunden. Die vorgelegten Fotos&nbsp;werden juriert und gehen in eine Jahreswertung ein.<\/p>\n<p>Die Teilnahme an den Wettbewerben ist freiwillig.<\/p>\n<p>&nbsp;<\/p>\n<p>&nbsp;<\/p>\n<h2><strong>Was l\u00e4uft sonst noch?<\/strong><\/h2>\n<p>&nbsp;<\/p>\n<p>Dar\u00fcber hinaus beteiligt sich der Fotoklub h\u00e4ufig an Fotoausstellungen und AV-Schauen, im<br \/>\nStadtteil Bochum-Langendreer z.B. traditionell im Rahmen der j\u00e4hrlichen B\u00fcrgerwoche.<\/p>\n<p>Auch haben sich einzelne Mitglieder mit ihren Fotoausstellungen bzw. AV-Schauen in Bochum und&nbsp;Umgebung einen guten Ruf erworben.<\/p>\n<p>Der Fotoklub FFF Bochum e.V. ist Mitglied des DVF (Deutscher Verband f\u00fcr Fotografie e.V.). Zu&nbsp;diesem Verband kann man sich sowohl \u00fcber den Klub als auch als Einzelmitglied anmelden. Die&nbsp;Mitgliedschaft berechtigt sowohl zur Teilnahme an den verbandseigenen nationalen als auch an internationalen Wettbewerben. Die Teilnahmegeb\u00fchren an den nationalen Fotoausstellungen&nbsp;\u00fcbernimmt der Fotoklub.<\/p>\n<p>&nbsp;<\/p>\n<h2><strong>Was kostet die Mitgliedschaft?<\/strong><\/h2>\n<p>&nbsp;<\/p>\n<p>Der FFF-Mitgliedsbeitrag betr\u00e4gt derzeit 48,00 Euro pro Jahr.<\/p>\n","protected":false},"excerpt":{"rendered":"<p>&nbsp; Wer sind wir? &nbsp; Der Klub wurde 1976 mit dem Namen Foto+Film-Freunde Bochum-Langendreer\/Werne von 1976 beim Amtsgericht Bochum zur Eintragung in das Vereinsregister angemeldet. Der Klub ist inzwischen weit \u00fcber die Grenzen Bochums bekannt. Ab dem Mai 2011 f\u00fchren wir einen neuen Klubnamen: Forum f\u00fcr Fotografie Bochum e.V. Der Vereinszweck ist laut Satzung \u00a73&#8230;<\/p>\n","protected":false},"author":1,"featured_media":0,"parent":0,"menu_order":0,"comment_status":"closed","ping_status":"closed","template":"","meta":{"ngg_post_thumbnail":0},"_links":{"self":[{"href":"https:\/\/fff-bochum.de\/index.php?rest_route=\/wp\/v2\/pages\/176"}],"collection":[{"href":"https:\/\/fff-bochum.de\/index.php?rest_route=\/wp\/v2\/pages"}],"about":[{"href":"https:\/\/fff-bochum.de\/index.php?rest_route=\/wp\/v2\/types\/page"}],"author":[{"embeddable":true,"href":"https:\/\/fff-bochum.de\/index.php?rest_route=\/wp\/v2\/users\/1"}],"replies":[{"embeddable":true,"href":"https:\/\/fff-bochum.de\/index.php?rest_route=%2Fwp%2Fv2%2Fcomments&post=176"}],"version-history":[{"count":14,"href":"https:\/\/fff-bochum.de\/index.php?rest_route=\/wp\/v2\/pages\/176\/revisions"}],"predecessor-version":[{"id":249,"href":"https:\/\/fff-bochum.de\/index.php?rest_route=\/wp\/v2\/pages\/176\/revisions\/249"}],"wp:attachment":[{"href":"https:\/\/fff-bochum.de\/index.php?rest_route=%2Fwp%2Fv2%2Fmedia&parent=176"}],"curies":[{"name":"wp","href":"https:\/\/api.w.org\/{rel}","templated":true}]}}